{"id":538,"date":"2023-01-25T22:18:04","date_gmt":"2023-01-25T22:18:04","guid":{"rendered":"https:\/\/dorientalmassage.com\/?page_id=538"},"modified":"2023-01-25T22:24:49","modified_gmt":"2023-01-25T22:24:49","slug":"interview-dorien","status":"publish","type":"page","link":"https:\/\/dorientalmassage.com\/?page_id=538","title":{"rendered":"Interview Dorien"},"content":{"rendered":"\t\t<div data-elementor-type=\"wp-page\" data-elementor-id=\"538\" class=\"elementor elementor-538\">\n\t\t\t\t\t\t<section class=\"elementor-section elementor-top-section elementor-element elementor-element-d8a789e elementor-section-boxed elementor-section-height-default elementor-section-height-default\" data-id=\"d8a789e\" data-element_type=\"section\">\n\t\t\t\t\t\t<div class=\"elementor-container elementor-column-gap-default\">\n\t\t\t\t\t<div class=\"elementor-column elementor-col-50 elementor-top-column elementor-element elementor-element-2264dbd\" data-id=\"2264dbd\" data-element_type=\"column\">\n\t\t\t<div class=\"elementor-widget-wrap elementor-element-populated\">\n\t\t\t\t\t\t<div class=\"elementor-element elementor-element-4195146 elementor-widget elementor-widget-heading\" data-id=\"4195146\" data-element_type=\"widget\" data-widget_type=\"heading.default\">\n\t\t\t\t<div class=\"elementor-widget-container\">\n\t\t\t<style>\/*! elementor - v3.19.0 - 28-02-2024 *\/\n.elementor-heading-title{padding:0;margin:0;line-height:1}.elementor-widget-heading .elementor-heading-title[class*=elementor-size-]>a{color:inherit;font-size:inherit;line-height:inherit}.elementor-widget-heading .elementor-heading-title.elementor-size-small{font-size:15px}.elementor-widget-heading .elementor-heading-title.elementor-size-medium{font-size:19px}.elementor-widget-heading .elementor-heading-title.elementor-size-large{font-size:29px}.elementor-widget-heading .elementor-heading-title.elementor-size-xl{font-size:39px}.elementor-widget-heading .elementor-heading-title.elementor-size-xxl{font-size:59px}<\/style><h2 class=\"elementor-heading-title elementor-size-default\">Interview met Dorien<\/h2>\t\t<\/div>\n\t\t\t\t<\/div>\n\t\t\t\t<div class=\"elementor-element elementor-element-9cfb2bd elementor-widget elementor-widget-text-editor\" data-id=\"9cfb2bd\" data-element_type=\"widget\" data-widget_type=\"text-editor.default\">\n\t\t\t\t<div class=\"elementor-widget-container\">\n\t\t\t<style>\/*! elementor - v3.19.0 - 28-02-2024 *\/\n.elementor-widget-text-editor.elementor-drop-cap-view-stacked .elementor-drop-cap{background-color:#69727d;color:#fff}.elementor-widget-text-editor.elementor-drop-cap-view-framed .elementor-drop-cap{color:#69727d;border:3px solid;background-color:transparent}.elementor-widget-text-editor:not(.elementor-drop-cap-view-default) .elementor-drop-cap{margin-top:8px}.elementor-widget-text-editor:not(.elementor-drop-cap-view-default) .elementor-drop-cap-letter{width:1em;height:1em}.elementor-widget-text-editor .elementor-drop-cap{float:left;text-align:center;line-height:1;font-size:50px}.elementor-widget-text-editor .elementor-drop-cap-letter{display:inline-block}<\/style>\t\t\t\t<p class=\"wb-stl-custom29\"><em>Iedereen heeft een\u00a0zielsmissie hier op aarde en wanneer je die hebt ontdekt bij jezelf voel je de zingeving van het leven. Het mooiste geschenk wat je iemand kan geven is er met volledige aandacht\u00a0voor iemand zijn.<\/em><\/p><p><em>Graag geef ik mijn opgedane kennis en de universele levensenergie door via mijn liefdevolle aanraking in combinatie met Reiki. Mijn intentie is om de mens naar een hoger bewustzijn te brengen en weer te laten verbinden met je Hogere zelf.<\/em><\/p><p><em>In de afgelopen jaren investeer ik enorm veel tijd aan persoonlijke ontwikkeling en nog steeds! De vele opleidingen, cursussen, workshops en studiereizen in Azi\u00eb hebben mij de nodige kennis en inzichten opgeleverd om jou te kunnen begeleiden op jouw reis naar heling.<\/em><\/p><p class=\"wb-stl-custom29\">\u2022\u00a0<u>Hoe is de naam D&#8217;Oriental geboren?<\/u><br \/>Wanneer je zoekt vind je meestal niet wat je \u00e9cht wilt. Zo was het ook met mijn naam, toen ik het losliet kwam de naam als een ingeving binnen via mijn Hogere zelf. Ik heet Dorien en in het Latijns verwijst Orient naar het Verre Oosten en aangezien ik daar ben geboren\u00a0voelde D\u2019Oriental meteen authentiek.\u00a0\u00a0\u00a0<\/p><p class=\"wb-stl-custom29\">\u2022\u00a0\u00a0<u>Hoe\u00a0is je carriereswitch ontstaan?<br \/><\/u>Het leven blijft \u00e9\u00e9n lange zoektocht naar jezelf. Toen ik\u00a0in aanraking kwam met massage therapie veranderde dit mijn leven in positieve zin. Het doorvoelen van mijn\u00a0opgeslagen emoties en trauma&#8217;s maakten mij meer bewust. Door\u00a0het thuiskomen in mijn\u00a0lichaam. Het mogen &#8220;zijn&#8221; zoals je bent, je heel voelen. Dat gun ik gewoon iedereen!\u00a0Hierdoor bracht mijn\u00a0carri\u00e8reswitch naar masseren mij dichter bij mijn\u00a0gevoel en het thuiskomen bij mezelf.\u00a0\u00a0<\/p><p class=\"wb-stl-custom29\">\u2022\u00a0\u00a0<u>Hoe onderscheid D&#8217;Oriental zich van andere massage therapeuten?<br \/><\/u>Doordat ik mijn levensverhaal als voorbeeld kan nemen weet ik wat de helende kracht van massage therapie\u00a0is. Met toewijding geef ik sessies op maat door\u00a0 mijn\u00a0authenticiteit. Ik geloof dat alles energie is en alles en iedereen met elkaar is verbonden. Alles komt op het juist moment op je\u00a0pad wat je op dat moment nodig hebt en jij maakt de keuze wat je hiermee doet en\u00a0visa versa. Ik heb\u00a0mijn eigen blend aan ervaringen en skills gebundeld via de\u00a0kennis van mijn leraren, jarenlange werkervaring en de mooie ontmoetingen.\u00a0De studiereizen door Azi\u00eb hebben mijn leven enorm verrijkt. In combinatie met mijn eigen achtergrond, levenservaringen, intu\u00eftie en empathisch vermogen voel ik heel goed aan wat de ander \u00e9cht nodig heeft.<\/p><p class=\"wb-stl-custom29\">\u2022\u00a0\u00a0<u>Welke inspirerende boodschap wil je overbrengen aan de mens?<br \/><\/u>Investeer in je welzijn en persoonlijke ontwikkeling. Neem de ruimte en tijd om jezelf te (her)ontdekken. Wees de beste partner voor jezelf en je lichaam. Jouw liefdesverhouding is met jouw lichaam want alleen jij kan jouw lichaam voelen! Heling vindt alleen plaats via het lichaam en niet met het hoofd.<\/p><p class=\"wb-stl-custom29\">\u2022\u00a0\u00a0<u>Waarom word\u00a0je blij van je werk?<br \/><\/u>Dat ik via mijn werk een bijdrage kan leveren aan de welzijn van de mensheid. Hierdoor kan ik de wereld een stukje mooier maken door de mens naar een hoger bewustzijn te brengen en te helen. Ook de diversiteit van de mens maakt het leerzaam, omdat in elke ontmoeting iets terug te vinden is over jezelf. De zin van het leven ligt voor mij in de ontmoeting met de ander. De synergie die vaak ontstaat tussen mij en mijn cli\u00ebnten, de ontmoeting met hun ware \u2018ik\u2019.\u00a0Soul2Soul.\u00a0Het gevoel iets voor iemand te kunnen betekenen en hier voldoening uit mag halen is\u00a0priceless.<\/p>\t\t\t\t\t\t<\/div>\n\t\t\t\t<\/div>\n\t\t\t\t\t<\/div>\n\t\t<\/div>\n\t\t\t\t<div class=\"elementor-column elementor-col-50 elementor-top-column elementor-element elementor-element-b00484b\" data-id=\"b00484b\" data-element_type=\"column\">\n\t\t\t<div class=\"elementor-widget-wrap elementor-element-populated\">\n\t\t\t\t\t\t<div class=\"elementor-element elementor-element-08575c3 elementor-widget elementor-widget-image\" data-id=\"08575c3\" data-element_type=\"widget\" data-widget_type=\"image.default\">\n\t\t\t\t<div class=\"elementor-widget-container\">\n\t\t\t<style>\/*! elementor - v3.19.0 - 28-02-2024 *\/\n.elementor-widget-image{text-align:center}.elementor-widget-image a{display:inline-block}.elementor-widget-image a img[src$=\".svg\"]{width:48px}.elementor-widget-image img{vertical-align:middle;display:inline-block}<\/style>\t\t\t\t\t\t\t\t\t\t<img fetchpriority=\"high\" decoding=\"async\" width=\"783\" height=\"1024\" src=\"https:\/\/dorientalmassage.com\/wp-content\/uploads\/2023\/01\/foto-5-783x1024.png\" class=\"attachment-large size-large wp-image-24\" alt=\"\" srcset=\"https:\/\/dorientalmassage.com\/wp-content\/uploads\/2023\/01\/foto-5-783x1024.png 783w, https:\/\/dorientalmassage.com\/wp-content\/uploads\/2023\/01\/foto-5-229x300.png 229w, https:\/\/dorientalmassage.com\/wp-content\/uploads\/2023\/01\/foto-5-768x1005.png 768w, https:\/\/dorientalmassage.com\/wp-content\/uploads\/2023\/01\/foto-5.png 1104w\" sizes=\"(max-width: 783px) 100vw, 783px\" \/>\t\t\t\t\t\t\t\t\t\t\t\t\t<\/div>\n\t\t\t\t<\/div>\n\t\t\t\t\t<\/div>\n\t\t<\/div>\n\t\t\t\t\t<\/div>\n\t\t<\/section>\n\t\t\t\t<\/div>\n\t\t","protected":false},"excerpt":{"rendered":"<p>Interview met Dorien Iedereen heeft een\u00a0zielsmissie hier op aarde en wanneer je die hebt ontdekt bij jezelf voel je de zingeving van het leven. Het mooiste geschenk wat je iemand kan geven is er met volledige aandacht\u00a0voor iemand zijn. Graag geef ik mijn opgedane kennis en de universele levensenergie door via mijn liefdevolle aanraking in [&hellip;]<\/p>\n","protected":false},"author":1,"featured_media":0,"parent":0,"menu_order":0,"comment_status":"closed","ping_status":"closed","template":"","meta":{"site-sidebar-layout":"no-sidebar","site-content-layout":"page-builder","ast-site-content-layout":"","site-content-style":"default","site-sidebar-style":"default","ast-global-header-display":"","ast-banner-title-visibility":"","ast-main-header-display":"","ast-hfb-above-header-display":"","ast-hfb-below-header-display":"","ast-hfb-mobile-header-display":"","site-post-title":"disabled","ast-breadcrumbs-content":"","ast-featured-img":"disabled","footer-sml-layout":"","theme-transparent-header-meta":"","adv-header-id-meta":"","stick-header-meta":"","header-above-stick-meta":"","header-main-stick-meta":"","header-below-stick-meta":"","astra-migrate-meta-layouts":"default","ast-page-background-enabled":"default","ast-page-background-meta":{"desktop":{"background-color":"var(--ast-global-color-4)","background-image":"","background-repeat":"repeat","background-position":"center center","background-size":"auto","background-attachment":"scroll","background-type":"","background-media":"","overlay-type":"","overlay-color":"","overlay-gradient":""},"tablet":{"background-color":"","background-image":"","background-repeat":"repeat","background-position":"center center","background-size":"auto","background-attachment":"scroll","background-type":"","background-media":"","overlay-type":"","overlay-color":"","overlay-gradient":""},"mobile":{"background-color":"","background-image":"","background-repeat":"repeat","background-position":"center center","background-size":"auto","background-attachment":"scroll","background-type":"","background-media":"","overlay-type":"","overlay-color":"","overlay-gradient":""}},"ast-content-background-meta":{"desktop":{"background-color":"var(--ast-global-color-5)","background-image":"","background-repeat":"repeat","background-position":"center center","background-size":"auto","background-attachment":"scroll","background-type":"","background-media":"","overlay-type":"","overlay-color":"","overlay-gradient":""},"tablet":{"background-color":"var(--ast-global-color-5)","background-image":"","background-repeat":"repeat","background-position":"center center","background-size":"auto","background-attachment":"scroll","background-type":"","background-media":"","overlay-type":"","overlay-color":"","overlay-gradient":""},"mobile":{"background-color":"var(--ast-global-color-5)","background-image":"","background-repeat":"repeat","background-position":"center center","background-size":"auto","background-attachment":"scroll","background-type":"","background-media":"","overlay-type":"","overlay-color":"","overlay-gradient":""}},"footnotes":""},"_links":{"self":[{"href":"https:\/\/dorientalmassage.com\/index.php?rest_route=\/wp\/v2\/pages\/538"}],"collection":[{"href":"https:\/\/dorientalmassage.com\/index.php?rest_route=\/wp\/v2\/pages"}],"about":[{"href":"https:\/\/dorientalmassage.com\/index.php?rest_route=\/wp\/v2\/types\/page"}],"author":[{"embeddable":true,"href":"https:\/\/dorientalmassage.com\/index.php?rest_route=\/wp\/v2\/users\/1"}],"replies":[{"embeddable":true,"href":"https:\/\/dorientalmassage.com\/index.php?rest_route=%2Fwp%2Fv2%2Fcomments&post=538"}],"version-history":[{"count":6,"href":"https:\/\/dorientalmassage.com\/index.php?rest_route=\/wp\/v2\/pages\/538\/revisions"}],"predecessor-version":[{"id":544,"href":"https:\/\/dorientalmassage.com\/index.php?rest_route=\/wp\/v2\/pages\/538\/revisions\/544"}],"wp:attachment":[{"href":"https:\/\/dorientalmassage.com\/index.php?rest_route=%2Fwp%2Fv2%2Fmedia&parent=538"}],"curies":[{"name":"wp","href":"https:\/\/api.w.org\/{rel}","templated":true}]}}